{"id":93,"date":"2017-10-10T16:00:32","date_gmt":"2017-10-10T14:00:32","guid":{"rendered":"http:\/\/si-nowahuta.pl\/?page_id=93"},"modified":"2017-10-13T19:05:12","modified_gmt":"2017-10-13T17:05:12","slug":"terapia-reki","status":"publish","type":"page","link":"https:\/\/si-nowahuta.pl\/?page_id=93","title":{"rendered":"Terapia r\u0119ki"},"content":{"rendered":"<p>zaj\u0119cia maja na celu wspomaganie rozwoju dzieci z r\u00f3\u017cnego rodzaju deficytami i zaburzeniami w szczeg\u00f3lno\u015bci z zakresu ma\u0142ej motoryki, terapia ma na celu usprawnianie precyzyjnych ruch\u00f3w d\u0142oni i palc\u00f3w, a tak\u017ce dostarczanie wra\u017ce\u0144 dotykowych, wzmacnianie koncentracji, usprawnianie koordynacji oko ruchowej, zaj\u0119cia prowadzone s\u0105 przez certyfikowanych terapeut\u00f3w.<\/p>\n","protected":false},"excerpt":{"rendered":"<p>zaj\u0119cia maja na celu wspomaganie rozwoju dzieci z r\u00f3\u017cnego rodzaju deficytami i zaburzeniami w szczeg\u00f3lno\u015bci z zakresu ma\u0142ej motoryki, terapia ma na celu usprawnianie precyzyjnych ruch\u00f3w d\u0142oni i palc\u00f3w, a tak\u017ce dostarczanie wra\u017ce\u0144 dotykowych, wzmacnianie koncentracji, usprawnianie koordynacji oko ruchowej, zaj\u0119cia prowadzone s\u0105 przez certyfikowanych terapeut\u00f3w.<\/p>\n","protected":false},"author":1,"featured_media":0,"parent":0,"menu_order":0,"comment_status":"closed","ping_status":"closed","template":"","meta":{"footnotes":""},"_links":{"self":[{"href":"https:\/\/si-nowahuta.pl\/index.php?rest_route=\/wp\/v2\/pages\/93"}],"collection":[{"href":"https:\/\/si-nowahuta.pl\/index.php?rest_route=\/wp\/v2\/pages"}],"about":[{"href":"https:\/\/si-nowahuta.pl\/index.php?rest_route=\/wp\/v2\/types\/page"}],"author":[{"embeddable":true,"href":"https:\/\/si-nowahuta.pl\/index.php?rest_route=\/wp\/v2\/users\/1"}],"replies":[{"embeddable":true,"href":"https:\/\/si-nowahuta.pl\/index.php?rest_route=%2Fwp%2Fv2%2Fcomments&post=93"}],"version-history":[{"count":2,"href":"https:\/\/si-nowahuta.pl\/index.php?rest_route=\/wp\/v2\/pages\/93\/revisions"}],"predecessor-version":[{"id":145,"href":"https:\/\/si-nowahuta.pl\/index.php?rest_route=\/wp\/v2\/pages\/93\/revisions\/145"}],"wp:attachment":[{"href":"https:\/\/si-nowahuta.pl\/index.php?rest_route=%2Fwp%2Fv2%2Fmedia&parent=93"}],"curies":[{"name":"wp","href":"https:\/\/api.w.org\/{rel}","templated":true}]}}