{"id":89,"date":"2017-10-10T15:57:44","date_gmt":"2017-10-10T13:57:44","guid":{"rendered":"http:\/\/si-nowahuta.pl\/?page_id=89"},"modified":"2018-05-19T17:52:21","modified_gmt":"2018-05-19T15:52:21","slug":"rehabilitacja-niemowlat","status":"publish","type":"page","link":"https:\/\/si-nowahuta.pl\/?page_id=89","title":{"rendered":"Rehabilitacja niemowl\u0105t"},"content":{"rendered":"<p>prowadzimy terapi\u0119 metodami NDT-Bobath, NDT- Baby, Kinesio-Taping w pediatrii<br \/>\nterapia obejmuje<\/p>\n<ul>\n<li>zaburzenia rozwoju ruchowego dzieci i niemowl\u0105t<\/li>\n<li>problemy wcze\u015bniak\u00f3w<\/li>\n<li>asymetri\u0119 u\u0142o\u017ceniow\u0105 niemowl\u0105t<\/li>\n<li>zaburzenia napi\u0119cia mi\u0119\u015bniowegoprowadzimy spotkania instruktarzowe dla rodzic\u00f3w w celu nauki prawid\u0142owej piel\u0119gnacji i zabawy z dzie\u0107mi opartej na prawid\u0142owych wzorcach psychoruchowych.<\/li>\n<\/ul>\n","protected":false},"excerpt":{"rendered":"<p>prowadzimy terapi\u0119 metodami NDT-Bobath, NDT- Baby, Kinesio-Taping w pediatrii terapia obejmuje zaburzenia rozwoju ruchowego dzieci i niemowl\u0105t problemy wcze\u015bniak\u00f3w asymetri\u0119 u\u0142o\u017ceniow\u0105 niemowl\u0105t zaburzenia napi\u0119cia mi\u0119\u015bniowegoprowadzimy spotkania instruktarzowe dla rodzic\u00f3w w celu nauki prawid\u0142owej piel\u0119gnacji i zabawy z dzie\u0107mi opartej na prawid\u0142owych wzorcach psychoruchowych.<\/p>\n","protected":false},"author":1,"featured_media":0,"parent":0,"menu_order":0,"comment_status":"closed","ping_status":"closed","template":"","meta":{"footnotes":""},"_links":{"self":[{"href":"https:\/\/si-nowahuta.pl\/index.php?rest_route=\/wp\/v2\/pages\/89"}],"collection":[{"href":"https:\/\/si-nowahuta.pl\/index.php?rest_route=\/wp\/v2\/pages"}],"about":[{"href":"https:\/\/si-nowahuta.pl\/index.php?rest_route=\/wp\/v2\/types\/page"}],"author":[{"embeddable":true,"href":"https:\/\/si-nowahuta.pl\/index.php?rest_route=\/wp\/v2\/users\/1"}],"replies":[{"embeddable":true,"href":"https:\/\/si-nowahuta.pl\/index.php?rest_route=%2Fwp%2Fv2%2Fcomments&post=89"}],"version-history":[{"count":2,"href":"https:\/\/si-nowahuta.pl\/index.php?rest_route=\/wp\/v2\/pages\/89\/revisions"}],"predecessor-version":[{"id":227,"href":"https:\/\/si-nowahuta.pl\/index.php?rest_route=\/wp\/v2\/pages\/89\/revisions\/227"}],"wp:attachment":[{"href":"https:\/\/si-nowahuta.pl\/index.php?rest_route=%2Fwp%2Fv2%2Fmedia&parent=89"}],"curies":[{"name":"wp","href":"https:\/\/api.w.org\/{rel}","templated":true}]}}