{"id":7,"date":"2017-09-10T00:42:20","date_gmt":"2017-09-09T22:42:20","guid":{"rendered":"http:\/\/si-nowahuta.pl\/?page_id=7"},"modified":"2026-01-03T16:29:00","modified_gmt":"2026-01-03T15:29:00","slug":"strona-glowna","status":"publish","type":"page","link":"https:\/\/si-nowahuta.pl\/","title":{"rendered":"Witamy w gabinecie BEZMIAR PRZESTRZENI"},"content":{"rendered":"<p>Stworzyli\u015bmy nasz gabinet terapeutyczny aby pomaga\u0107 dzieciom z r\u00f3\u017cnorodnymi deficytami i trudno\u015bciami w realizowaniu siebie i radzeniu sobie w codziennym \u017cyciu.<br \/>Gabinet to dwie du\u017ce sale terapeutyczne specjalistycznie wyposa\u017cone w sprz\u0119t oraz dwa gabinety do rehabilitacji. Rodzice naszych dzieci mog\u0105 wygodnie poczeka\u0107 na swoje pociechy w przygotowanej specjalnie dla nich poczekalni.<\/p>\n\n\n<p><\/p>\n","protected":false},"excerpt":{"rendered":"<p>Stworzyli\u015bmy nasz gabinet terapeutyczny aby pomaga\u0107 dzieciom z r\u00f3\u017cnorodnymi deficytami i trudno\u015bciami w realizowaniu siebie i radzeniu sobie w codziennym \u017cyciu.Gabinet to dwie du\u017ce sale terapeutyczne specjalistycznie wyposa\u017cone w sprz\u0119t oraz dwa gabinety do rehabilitacji. Rodzice naszych dzieci mog\u0105 wygodnie poczeka\u0107 na swoje pociechy w przygotowanej specjalnie dla nich poczekalni.<\/p>\n","protected":false},"author":1,"featured_media":0,"parent":0,"menu_order":0,"comment_status":"closed","ping_status":"closed","template":"","meta":{"footnotes":""},"_links":{"self":[{"href":"https:\/\/si-nowahuta.pl\/index.php?rest_route=\/wp\/v2\/pages\/7"}],"collection":[{"href":"https:\/\/si-nowahuta.pl\/index.php?rest_route=\/wp\/v2\/pages"}],"about":[{"href":"https:\/\/si-nowahuta.pl\/index.php?rest_route=\/wp\/v2\/types\/page"}],"author":[{"embeddable":true,"href":"https:\/\/si-nowahuta.pl\/index.php?rest_route=\/wp\/v2\/users\/1"}],"replies":[{"embeddable":true,"href":"https:\/\/si-nowahuta.pl\/index.php?rest_route=%2Fwp%2Fv2%2Fcomments&post=7"}],"version-history":[{"count":9,"href":"https:\/\/si-nowahuta.pl\/index.php?rest_route=\/wp\/v2\/pages\/7\/revisions"}],"predecessor-version":[{"id":361,"href":"https:\/\/si-nowahuta.pl\/index.php?rest_route=\/wp\/v2\/pages\/7\/revisions\/361"}],"wp:attachment":[{"href":"https:\/\/si-nowahuta.pl\/index.php?rest_route=%2Fwp%2Fv2%2Fmedia&parent=7"}],"curies":[{"name":"wp","href":"https:\/\/api.w.org\/{rel}","templated":true}]}}