{"id":257,"date":"2019-03-26T19:28:49","date_gmt":"2019-03-26T18:28:49","guid":{"rendered":"http:\/\/si-nowahuta.pl\/?page_id=257"},"modified":"2019-03-26T19:28:53","modified_gmt":"2019-03-26T18:28:53","slug":"wkladki-ortopedyczne-icb","status":"publish","type":"page","link":"https:\/\/si-nowahuta.pl\/?page_id=257","title":{"rendered":"Wk\u0142adki ortopedyczne ICB"},"content":{"rendered":"<p>nowa oferta <\/p>\n<p>Termoplastyczne wk\u0142adki ortopedyczne ICB &#8211; wk\u0142adki do but\u00f3w dopasowywane indywidualnie do u\u017cytkownika, wk\u0142adki pozwalaj\u0105 na korekt\u0119 ustawienia st\u00f3p a poprzez to wp\u0142ywaj\u0105 na postaw\u0119 cia\u0142a dziecka.<\/p>\n<p>Termoplastyczne wk\u0142adki ortopedyczne ICB MEDICAL (termo-formowalne ortezy stopy ICB MEDICAL) to wynik bada\u0144 nad  biomechanik\u0105 ko\u0144czyn dolnych. Produkty ICB to efekt po\u0142\u0105czenia wiedzy naukowej i wieloletniej praktyki lekarzy ortoped\u00f3w,podiatr\u00f3w podolog\u00f3w i fizjoterapeut\u00f3w. Podstaw\u0105 wyj\u0105tkowej skuteczno\u015bci wk\u0142adek ortopedycznych ICB jest opatentowany system  DUAL DENSITY TECHNOLOGY (Technologia Podw\u00f3jnej G\u0119sto\u015bci). Ta wyj\u0105tkowa technologia, opr\u00f3cz uznanych na \u015bwiecie w\u0142a\u015bciwo\u015bci terapeutycznych i u\u017cytkowych, umo\u017cliwia w\u0142a\u015bciwe dopasowanie wk\u0142adki do stopy pacjenta w kilka minut podczas jednej wizyty.<\/p>\n<p>\u2013 wk\u0142adka ICB MEDICAL jest termoformowalna na ca\u0142ej d\u0142ugo\u015bci, grubo\u015bci i szeroko\u015bci (za pomoc\u0105 pistoletu termicznego w temperaturze 300-600\u00b0C), co daje mo\u017cliwo\u015b\u0107 terapeucie realizacji ka\u017cdego planu na wk\u0142adk\u0119 korekcyjn\u0105 lub odci\u0105\u017caj\u0105c\u0105 (system posiada r\u00f3wnie\u017c ca\u0142\u0105 gam\u0119 dodatk\u00f3w umo\u017cliwiaj\u0105cych wykonanie z\u0142o\u017conych aplikacji na wk\u0142adce)<\/p>\n<p> \u2013 istnieje mo\u017cliwo\u015b\u0107 wielokrotnej zmiany kszta\u0142tu wk\u0142adki, co umo\u017cliwia np korekcj\u0119 etapow\u0105 (np w celu ochrony staw\u00f3w kolanowych), lub dalsz\u0105 terapi\u0119 wk\u0142adk\u0105 po uzyskaniu wst\u0119pnych efekt\u00f3w (np po wizycie kontrolnej)<\/p>\n","protected":false},"excerpt":{"rendered":"<p>nowa oferta Termoplastyczne wk\u0142adki ortopedyczne ICB &#8211; wk\u0142adki do but\u00f3w dopasowywane indywidualnie do u\u017cytkownika, wk\u0142adki pozwalaj\u0105 na korekt\u0119 ustawienia st\u00f3p a poprzez to wp\u0142ywaj\u0105 na postaw\u0119 cia\u0142a dziecka. Termoplastyczne wk\u0142adki ortopedyczne ICB MEDICAL (termo-formowalne ortezy stopy ICB MEDICAL) to wynik bada\u0144 nad biomechanik\u0105 ko\u0144czyn dolnych. Produkty ICB to efekt po\u0142\u0105czenia wiedzy naukowej i wieloletniej praktyki &hellip; <\/p>\n<p class=\"link-more\"><a href=\"https:\/\/si-nowahuta.pl\/?page_id=257\" class=\"more-link\">Czytaj dalej<span class=\"screen-reader-text\"> Wk\u0142adki ortopedyczne ICB<\/span><\/a><\/p>\n","protected":false},"author":1,"featured_media":0,"parent":0,"menu_order":0,"comment_status":"closed","ping_status":"closed","template":"","meta":{"footnotes":""},"_links":{"self":[{"href":"https:\/\/si-nowahuta.pl\/index.php?rest_route=\/wp\/v2\/pages\/257"}],"collection":[{"href":"https:\/\/si-nowahuta.pl\/index.php?rest_route=\/wp\/v2\/pages"}],"about":[{"href":"https:\/\/si-nowahuta.pl\/index.php?rest_route=\/wp\/v2\/types\/page"}],"author":[{"embeddable":true,"href":"https:\/\/si-nowahuta.pl\/index.php?rest_route=\/wp\/v2\/users\/1"}],"replies":[{"embeddable":true,"href":"https:\/\/si-nowahuta.pl\/index.php?rest_route=%2Fwp%2Fv2%2Fcomments&post=257"}],"version-history":[{"count":2,"href":"https:\/\/si-nowahuta.pl\/index.php?rest_route=\/wp\/v2\/pages\/257\/revisions"}],"predecessor-version":[{"id":259,"href":"https:\/\/si-nowahuta.pl\/index.php?rest_route=\/wp\/v2\/pages\/257\/revisions\/259"}],"wp:attachment":[{"href":"https:\/\/si-nowahuta.pl\/index.php?rest_route=%2Fwp%2Fv2%2Fmedia&parent=257"}],"curies":[{"name":"wp","href":"https:\/\/api.w.org\/{rel}","templated":true}]}}