{"id":119,"date":"2017-10-10T16:31:18","date_gmt":"2017-10-10T14:31:18","guid":{"rendered":"http:\/\/si-nowahuta.pl\/?page_id=119"},"modified":"2026-01-03T16:27:19","modified_gmt":"2026-01-03T15:27:19","slug":"znajdz-nas","status":"publish","type":"page","link":"https:\/\/si-nowahuta.pl\/?page_id=119","title":{"rendered":"Znajd\u017a nas &#8211; BEZMIAR PRZESTRZENI"},"content":{"rendered":"<div class=\"textwidget\">\n<p><strong>Adres<\/strong><br \/>\no\u015b. Ko\u015bciuszkowskie 5 (na I pi\u0119trze, wej\u015bcie obok bankomatu od strony ulicy Uniwersa\u0142u Po\u0142anieckiego)<br \/>\n31-858 Krak\u00f3w<\/p>\n<p>w okolicy bezp\u0142atne parkingi<\/p>\n<p><strong>telefon<\/strong><\/p>\n<p>Ksenia 604-423-104<\/p>\n<p>Marta 602-278-226<\/p>\n<p>Kasia 513-733-867<\/p>\n<p><strong>Czynne:<\/strong><br \/>\nPoniedzia\u0142ek\u2014pi\u0105tek: 13:00\u201320:00<\/p>\n<p>&nbsp;<\/p>\n<\/div>\n<p><iframe loading=\"lazy\" style=\"border: 0;\" src=\"https:\/\/www.google.com\/maps\/embed?pb=!1m18!1m12!1m3!1d538.1908325336143!2d20.01337648598083!3d50.08476153076278!2m3!1f0!2f0!3f0!3m2!1i1024!2i768!4f13.1!3m3!1m2!1s0x4716453619eea54f%3A0x90ad0053a8278dc7!2sEuronet%20Polska%20Sp%20z%20o.%20o.!5e0!3m2!1spl!2spl!4v1649517944439!5m2!1spl!2spl\" width=\"600\" height=\"450\" allowfullscreen=\"allowfullscreen\"><\/iframe><\/p>\n","protected":false},"excerpt":{"rendered":"<p>Adres o\u015b. Ko\u015bciuszkowskie 5 (na I pi\u0119trze, wej\u015bcie obok bankomatu od strony ulicy Uniwersa\u0142u Po\u0142anieckiego) 31-858 Krak\u00f3w w okolicy bezp\u0142atne parkingi telefon Ksenia 604-423-104 Marta 602-278-226 Kasia 513-733-867 Czynne: Poniedzia\u0142ek\u2014pi\u0105tek: 13:00\u201320:00 &nbsp;<\/p>\n","protected":false},"author":1,"featured_media":120,"parent":0,"menu_order":0,"comment_status":"closed","ping_status":"closed","template":"","meta":{"footnotes":""},"_links":{"self":[{"href":"https:\/\/si-nowahuta.pl\/index.php?rest_route=\/wp\/v2\/pages\/119"}],"collection":[{"href":"https:\/\/si-nowahuta.pl\/index.php?rest_route=\/wp\/v2\/pages"}],"about":[{"href":"https:\/\/si-nowahuta.pl\/index.php?rest_route=\/wp\/v2\/types\/page"}],"author":[{"embeddable":true,"href":"https:\/\/si-nowahuta.pl\/index.php?rest_route=\/wp\/v2\/users\/1"}],"replies":[{"embeddable":true,"href":"https:\/\/si-nowahuta.pl\/index.php?rest_route=%2Fwp%2Fv2%2Fcomments&post=119"}],"version-history":[{"count":9,"href":"https:\/\/si-nowahuta.pl\/index.php?rest_route=\/wp\/v2\/pages\/119\/revisions"}],"predecessor-version":[{"id":360,"href":"https:\/\/si-nowahuta.pl\/index.php?rest_route=\/wp\/v2\/pages\/119\/revisions\/360"}],"wp:featuredmedia":[{"embeddable":true,"href":"https:\/\/si-nowahuta.pl\/index.php?rest_route=\/wp\/v2\/media\/120"}],"wp:attachment":[{"href":"https:\/\/si-nowahuta.pl\/index.php?rest_route=%2Fwp%2Fv2%2Fmedia&parent=119"}],"curies":[{"name":"wp","href":"https:\/\/api.w.org\/{rel}","templated":true}]}}