{"id":91,"date":"2017-10-10T16:00:02","date_gmt":"2017-10-10T14:00:02","guid":{"rendered":"http:\/\/si-nowahuta.pl\/?page_id=91"},"modified":"2017-10-10T16:01:57","modified_gmt":"2017-10-10T14:01:57","slug":"rehabilitacja-dzieci","status":"publish","type":"page","link":"http:\/\/si-nowahuta.pl\/?page_id=91","title":{"rendered":"Rehabilitacja dzieci"},"content":{"rendered":"<p>prowadzimy zaj\u0119cia dla dzieci i m\u0142odzie\u017cy z problemami rozwojowymi, neurologicznymi, wadami postawy.<br \/>\nZaj\u0119cia prowadzone s\u0105 wed\u0142ug zasad metody NDT, PNF, Thera-Band,<br \/>\nKinesio-Taping.<\/p>\n","protected":false},"excerpt":{"rendered":"<p>prowadzimy zaj\u0119cia dla dzieci i m\u0142odzie\u017cy z problemami rozwojowymi, neurologicznymi, wadami postawy. Zaj\u0119cia prowadzone s\u0105 wed\u0142ug zasad metody NDT, PNF, Thera-Band, Kinesio-Taping.<\/p>\n","protected":false},"author":1,"featured_media":0,"parent":0,"menu_order":0,"comment_status":"closed","ping_status":"closed","template":"","meta":{"footnotes":""},"_links":{"self":[{"href":"http:\/\/si-nowahuta.pl\/index.php?rest_route=\/wp\/v2\/pages\/91"}],"collection":[{"href":"http:\/\/si-nowahuta.pl\/index.php?rest_route=\/wp\/v2\/pages"}],"about":[{"href":"http:\/\/si-nowahuta.pl\/index.php?rest_route=\/wp\/v2\/types\/page"}],"author":[{"embeddable":true,"href":"http:\/\/si-nowahuta.pl\/index.php?rest_route=\/wp\/v2\/users\/1"}],"replies":[{"embeddable":true,"href":"http:\/\/si-nowahuta.pl\/index.php?rest_route=%2Fwp%2Fv2%2Fcomments&post=91"}],"version-history":[{"count":2,"href":"http:\/\/si-nowahuta.pl\/index.php?rest_route=\/wp\/v2\/pages\/91\/revisions"}],"predecessor-version":[{"id":97,"href":"http:\/\/si-nowahuta.pl\/index.php?rest_route=\/wp\/v2\/pages\/91\/revisions\/97"}],"wp:attachment":[{"href":"http:\/\/si-nowahuta.pl\/index.php?rest_route=%2Fwp%2Fv2%2Fmedia&parent=91"}],"curies":[{"name":"wp","href":"https:\/\/api.w.org\/{rel}","templated":true}]}}