{"id":43,"date":"2017-09-14T17:25:03","date_gmt":"2017-09-14T15:25:03","guid":{"rendered":"http:\/\/si-nowahuta.pl\/?page_id=43"},"modified":"2026-01-03T16:25:38","modified_gmt":"2026-01-03T15:25:38","slug":"kontakt","status":"publish","type":"page","link":"http:\/\/si-nowahuta.pl\/?page_id=43","title":{"rendered":"Kontakt"},"content":{"rendered":"\n<p>BEZMIAR PRZESTRZENI &#8211; gabinet terapeutyczny<\/p>\n\n\n<div class=\"textwidget\">\n<p>gabinet@si-nowahuta.pl<\/p>\n<p><strong>telefon<\/strong><\/p>\n<p>Ksenia 604-423-104<\/p>\n<p>Marta 602-278-226<\/p>\n<p>Kasia 513-733-867<\/p>\n<p><strong>Adres<\/strong><br \/>\no\u015b. Ko\u015bciuszkowskie 5<br \/>\n31-858 Krak\u00f3w<\/p>\n<p><strong>Czynne:<\/strong><br \/>\nPoniedzia\u0142ek\u2014pi\u0105tek: 13:00\u201320:00<\/p>\n<p>&nbsp;<\/p>\n<\/div>\n<p><iframe loading=\"lazy\" style=\"border: 0;\" src=\"https:\/\/www.google.com\/maps\/embed?pb=!1m18!1m12!1m3!1d538.1908325336143!2d20.013374230520885!3d50.08476153076278!2m3!1f0!2f0!3f0!3m2!1i1024!2i768!4f13.1!3m3!1m2!1s0x4716453619eea54f%3A0x90ad0053a8278dc7!2sEuronet%20Polska%20Sp%20z%20o.%20o.!5e0!3m2!1spl!2spl!4v1649518167487!5m2!1spl!2spl\" width=\"600\" height=\"450\" allowfullscreen=\"allowfullscreen\"><\/iframe><\/p>","protected":false},"excerpt":{"rendered":"<p>BEZMIAR PRZESTRZENI &#8211; gabinet terapeutyczny gabinet@si-nowahuta.pl telefon Ksenia 604-423-104 Marta 602-278-226 Kasia 513-733-867 Adres o\u015b. Ko\u015bciuszkowskie 5 31-858 Krak\u00f3w Czynne: Poniedzia\u0142ek\u2014pi\u0105tek: 13:00\u201320:00 &nbsp;<\/p>\n","protected":false},"author":1,"featured_media":0,"parent":0,"menu_order":0,"comment_status":"closed","ping_status":"closed","template":"","meta":{"footnotes":""},"_links":{"self":[{"href":"http:\/\/si-nowahuta.pl\/index.php?rest_route=\/wp\/v2\/pages\/43"}],"collection":[{"href":"http:\/\/si-nowahuta.pl\/index.php?rest_route=\/wp\/v2\/pages"}],"about":[{"href":"http:\/\/si-nowahuta.pl\/index.php?rest_route=\/wp\/v2\/types\/page"}],"author":[{"embeddable":true,"href":"http:\/\/si-nowahuta.pl\/index.php?rest_route=\/wp\/v2\/users\/1"}],"replies":[{"embeddable":true,"href":"http:\/\/si-nowahuta.pl\/index.php?rest_route=%2Fwp%2Fv2%2Fcomments&post=43"}],"version-history":[{"count":10,"href":"http:\/\/si-nowahuta.pl\/index.php?rest_route=\/wp\/v2\/pages\/43\/revisions"}],"predecessor-version":[{"id":358,"href":"http:\/\/si-nowahuta.pl\/index.php?rest_route=\/wp\/v2\/pages\/43\/revisions\/358"}],"wp:attachment":[{"href":"http:\/\/si-nowahuta.pl\/index.php?rest_route=%2Fwp%2Fv2%2Fmedia&parent=43"}],"curies":[{"name":"wp","href":"https:\/\/api.w.org\/{rel}","templated":true}]}}