{"id":252,"date":"2019-03-26T19:03:29","date_gmt":"2019-03-26T18:03:29","guid":{"rendered":"http:\/\/si-nowahuta.pl\/?page_id=252"},"modified":"2025-09-14T12:34:27","modified_gmt":"2025-09-14T10:34:27","slug":"cennik","status":"publish","type":"page","link":"http:\/\/si-nowahuta.pl\/?page_id=252","title":{"rendered":"Cennik"},"content":{"rendered":"<p>Diagnoza Integracji Sensorycznej<br \/>\n650z\u0142 (pisemna opinia)<\/p>\n<p>Rediagnoza<br \/>\n650z\u0142<\/p>\n<p>Terapia Integracji Sensorycznej<br \/>\n150z\u0142 (pakiet I)<br \/>\n170z\u0142 (pakiet II)<br \/>\n200z\u0142 (ma\u0142e dzieci)<\/p>\n<p>Konsultacja Integracja Sensoryczna<br \/>\n250z\u0142<br \/>\nKonsultacja Rozw\u00f3j Niemowl\u0105t<br \/>\n250z\u0142<\/p>\n<p>Rehabilitacja<br \/>\nNiemowl\u0105t NDT -Bobath<br \/>\n200z\u0142<br \/>\nMa\u0142ych Dzieci<br \/>\n150z\u0142<br \/>\nDzieci i M\u0142odzie\u017c<br \/>\n150z\u0142<\/p>\n<p>Pisemna opinia aktualnych umiej\u0119tno\u015bci dziecka<br \/>\n200z\u0142<br \/>\nKr\u00f3tka notatka na temat dziecka<br \/>\n150z\u0142<\/p>\n","protected":false},"excerpt":{"rendered":"<p>Diagnoza Integracji Sensorycznej 650z\u0142 (pisemna opinia) Rediagnoza 650z\u0142 Terapia Integracji Sensorycznej 150z\u0142 (pakiet I) 170z\u0142 (pakiet II) 200z\u0142 (ma\u0142e dzieci) Konsultacja Integracja Sensoryczna 250z\u0142 Konsultacja Rozw\u00f3j Niemowl\u0105t 250z\u0142 Rehabilitacja Niemowl\u0105t NDT -Bobath 200z\u0142 Ma\u0142ych Dzieci 150z\u0142 Dzieci i M\u0142odzie\u017c 150z\u0142 Pisemna opinia aktualnych umiej\u0119tno\u015bci dziecka 200z\u0142 Kr\u00f3tka notatka na temat dziecka 150z\u0142<\/p>\n","protected":false},"author":1,"featured_media":0,"parent":0,"menu_order":0,"comment_status":"closed","ping_status":"closed","template":"","meta":{"footnotes":""},"_links":{"self":[{"href":"http:\/\/si-nowahuta.pl\/index.php?rest_route=\/wp\/v2\/pages\/252"}],"collection":[{"href":"http:\/\/si-nowahuta.pl\/index.php?rest_route=\/wp\/v2\/pages"}],"about":[{"href":"http:\/\/si-nowahuta.pl\/index.php?rest_route=\/wp\/v2\/types\/page"}],"author":[{"embeddable":true,"href":"http:\/\/si-nowahuta.pl\/index.php?rest_route=\/wp\/v2\/users\/1"}],"replies":[{"embeddable":true,"href":"http:\/\/si-nowahuta.pl\/index.php?rest_route=%2Fwp%2Fv2%2Fcomments&post=252"}],"version-history":[{"count":4,"href":"http:\/\/si-nowahuta.pl\/index.php?rest_route=\/wp\/v2\/pages\/252\/revisions"}],"predecessor-version":[{"id":350,"href":"http:\/\/si-nowahuta.pl\/index.php?rest_route=\/wp\/v2\/pages\/252\/revisions\/350"}],"wp:attachment":[{"href":"http:\/\/si-nowahuta.pl\/index.php?rest_route=%2Fwp%2Fv2%2Fmedia&parent=252"}],"curies":[{"name":"wp","href":"https:\/\/api.w.org\/{rel}","templated":true}]}}